{"id":11,"date":"2015-07-15T16:55:11","date_gmt":"2015-07-15T16:55:11","guid":{"rendered":"http:\/\/hanssarvar.com\/?page_id=11"},"modified":"2015-07-21T07:22:39","modified_gmt":"2015-07-21T07:22:39","slug":"asia","status":"publish","type":"page","link":"https:\/\/hanssarvar.com\/index.php\/continents\/asia\/","title":{"rendered":"Asia"},"content":{"rendered":"<ul class=\"recent-posts  unstyled\"><li class=\"recent-posts_li post-3525 post type-post status-publish format-standard has-post-thumbnail hentry category-asia category-editorial category-india category-jigarjit-singh category-news  list-item-0 clearfix\"><figure class=\"thumbnail featured-thumbnail\"><a href=\"https:\/\/hanssarvar.com\/index.php\/2019\/12\/01\/begging-for-justice-for-humans\/\" title=\"Begging for Justice for Humans\"><img src=\"https:\/\/hanssarvar.com\/wp-content\/uploads\/2019\/12\/rape_hanssarvar-600x300.jpg\" alt=\"Begging for Justice for Humans\"\/><\/a><\/figure><h5><a href=\"https:\/\/hanssarvar.com\/index.php\/2019\/12\/01\/begging-for-justice-for-humans\/\" title=\"Begging for Justice for Humans\">Begging for Justice for Humans<\/a><\/h5><div class=\"excerpt\">Who is to blame? Every time an incident like one which occurred on 28 November 2019, in which the brutal nature of humans came to limelight where a veterinary Dr. Priyanka Reddy just 26 years of age had to face such a wrenching human act and the question is who&hellip;<\/div><a href=\"https:\/\/hanssarvar.com\/index.php\/2019\/12\/01\/begging-for-justice-for-humans\/\" class=\"btn btn-primary\" title=\"Begging for Justice for Humans\">Next Part<\/a><div class=\"clear\"><\/div><\/li><!-- .entry (end) --><li class=\"recent-posts_li post-2705 post type-post status-publish format-standard has-post-thumbnail hentry category-india  list-item-1 clearfix\"><figure class=\"thumbnail featured-thumbnail\"><a href=\"https:\/\/hanssarvar.com\/index.php\/2016\/01\/07\/beware-aap-is-coming\/\" title=\"BEWARE! AAP IS COMING\"><img src=\"https:\/\/hanssarvar.com\/wp-content\/uploads\/2016\/01\/aap-600x300.jpeg\" alt=\"BEWARE! AAP IS COMING\"\/><\/a><\/figure><h5><a href=\"https:\/\/hanssarvar.com\/index.php\/2016\/01\/07\/beware-aap-is-coming\/\" title=\"BEWARE! AAP IS COMING\">BEWARE! AAP IS COMING<\/a><\/h5><div class=\"excerpt\">Beware! AAP is coming. This article gives a basic view of Fategarh Sahib during the shaheedi jor mela this is when the parties organize there rallies and here is the review of each of these. Senior Journalist went to review for all our readers\u00a0 who couldn't reach Fategarh Sahib at&hellip;<\/div><a href=\"https:\/\/hanssarvar.com\/index.php\/2016\/01\/07\/beware-aap-is-coming\/\" class=\"btn btn-primary\" title=\"BEWARE! AAP IS COMING\">Next Part<\/a><div class=\"clear\"><\/div><\/li><!-- .entry (end) --><li class=\"recent-posts_li post-2697 post type-post status-publish format-standard has-post-thumbnail hentry category-asia category-continents category-india category-interviews category-north-america  list-item-2 clearfix\"><figure class=\"thumbnail featured-thumbnail\"><a href=\"https:\/\/hanssarvar.com\/index.php\/2015\/12\/31\/shamsher-singh-sandhu\/\" title=\"Multicolored voice &#8211; SHAMSHER SINGH SANDHU\"><img src=\"https:\/\/hanssarvar.com\/wp-content\/uploads\/2015\/12\/shamsher-singh-sandhu.jpg\" alt=\"Multicolored voice &#8211; SHAMSHER SINGH SANDHU\"\/><\/a><\/figure><h5><a href=\"https:\/\/hanssarvar.com\/index.php\/2015\/12\/31\/shamsher-singh-sandhu\/\" title=\"Multicolored voice &#8211; SHAMSHER SINGH SANDHU\">Multicolored voice &#8211; SHAMSHER SINGH SANDHU<\/a><\/h5><div class=\"excerpt\">AS we all know the name of the Canadian Punjabi Ghazal writer and singer Shamsher Singh Sandhu who maintained the multicolored culture of Punjab all over the world. Read below to know about his journey of life. sqrMgI pING -krmjIq isMG, cMzIgVH \u00ccon 99150-91063 &nbsp; \u00c8m\u00c8yr sMDU dI \u00c8\u00c9sIaq \u0192&hellip;<\/div><a href=\"https:\/\/hanssarvar.com\/index.php\/2015\/12\/31\/shamsher-singh-sandhu\/\" class=\"btn btn-primary\" title=\"Multicolored voice &#8211; SHAMSHER SINGH SANDHU\">Next Part<\/a><div class=\"clear\"><\/div><\/li><!-- .entry (end) --><li class=\"recent-posts_li post-2690 post type-post status-publish format-standard has-post-thumbnail hentry category-india  list-item-3 clearfix\"><figure class=\"thumbnail featured-thumbnail\"><a href=\"https:\/\/hanssarvar.com\/index.php\/2015\/12\/29\/panj-piyare-back-with-action-plan\/\" title=\"PANJ PIYARE BACK WITH ACTION PLAN\"><img src=\"https:\/\/hanssarvar.com\/wp-content\/uploads\/2015\/12\/panj-piyare-600x300.jpg\" alt=\"PANJ PIYARE BACK WITH ACTION PLAN\"\/><\/a><\/figure><h5><a href=\"https:\/\/hanssarvar.com\/index.php\/2015\/12\/29\/panj-piyare-back-with-action-plan\/\" title=\"PANJ PIYARE BACK WITH ACTION PLAN\">PANJ PIYARE BACK WITH ACTION PLAN<\/a><\/h5><div class=\"excerpt\">The Panj Piyare serving at the akal takht are back with there ultimatum and action plan. Our senior editor has brought light to this below. Panj piyare have given time upto 2 January 2015 for acton. idl dy ivhVy `c Cwl afeI hY nUr dI krmjIq isMG, cMzIgVH mobfiel :&hellip;<\/div><a href=\"https:\/\/hanssarvar.com\/index.php\/2015\/12\/29\/panj-piyare-back-with-action-plan\/\" class=\"btn btn-primary\" title=\"PANJ PIYARE BACK WITH ACTION PLAN\">Next Part<\/a><div class=\"clear\"><\/div><\/li><!-- .entry (end) --><li class=\"recent-posts_li post-2672 post type-post status-publish format-standard has-post-thumbnail hentry category-articles category-asia category-continents category-india category-special-report  list-item-4 clearfix\"><figure class=\"thumbnail featured-thumbnail\"><a href=\"https:\/\/hanssarvar.com\/index.php\/2015\/12\/24\/war-of-chamkaur-sahib\/\" title=\"Khalsa and The war of Chamkaur Sahib (Chamkaur di jung)\"><img src=\"https:\/\/hanssarvar.com\/wp-content\/uploads\/2015\/12\/chamkaur-sahib-600x300.jpg\" alt=\"Khalsa and The war of Chamkaur Sahib (Chamkaur di jung)\"\/><\/a><\/figure><h5><a href=\"https:\/\/hanssarvar.com\/index.php\/2015\/12\/24\/war-of-chamkaur-sahib\/\" title=\"Khalsa and The war of Chamkaur Sahib (Chamkaur di jung)\">Khalsa and The war of Chamkaur Sahib (Chamkaur di jung)<\/a><\/h5><div class=\"excerpt\">In the month of December and January we remember our Guru Gobind Singh ji and his sacrifices. We should not forget one of the in equal wars of the world \"The War of Chamkaur Sahib\". In the memories of our Guru and four sahibzada's. These months are remembered as the&hellip;<\/div><a href=\"https:\/\/hanssarvar.com\/index.php\/2015\/12\/24\/war-of-chamkaur-sahib\/\" class=\"btn btn-primary\" title=\"Khalsa and The war of Chamkaur Sahib (Chamkaur di jung)\">Next Part<\/a><div class=\"clear\"><\/div><\/li><!-- .entry (end) --><\/ul><!-- .recent-posts (end) -->\n","protected":false},"excerpt":{"rendered":"","protected":false},"author":1,"featured_media":0,"parent":29,"menu_order":0,"comment_status":"open","ping_status":"open","template":"","meta":{"_mi_skip_tracking":false,"_monsterinsights_sitenote_active":false,"_monsterinsights_sitenote_note":"","_monsterinsights_sitenote_category":0},"yoast_head":"<!-- This site is optimized with the Yoast SEO plugin v17.6 - https:\/\/yoast.com\/wordpress\/plugins\/seo\/ -->\n<title>Asia - Hans Sarvar<\/title>\n<meta name=\"robots\" content=\"index, follow, max-snippet:-1, max-image-preview:large, max-video-preview:-1\" \/>\n<link rel=\"canonical\" href=\"https:\/\/hanssarvar.com\/index.php\/continents\/asia\/\" \/>\n<meta property=\"og:locale\" content=\"en_US\" \/>\n<meta property=\"og:type\" content=\"article\" \/>\n<meta property=\"og:title\" content=\"Asia - Hans Sarvar\" \/>\n<meta property=\"og:url\" content=\"https:\/\/hanssarvar.com\/index.php\/continents\/asia\/\" \/>\n<meta property=\"og:site_name\" content=\"Hans Sarvar\" \/>\n<meta property=\"article:modified_time\" content=\"2015-07-21T07:22:39+00:00\" \/>\n<meta name=\"twitter:card\" content=\"summary\" \/>\n<script type=\"application\/ld+json\" class=\"yoast-schema-graph\">{\"@context\":\"https:\/\/schema.org\",\"@graph\":[{\"@type\":\"WebSite\",\"@id\":\"http:\/\/hanssarvar.com\/#website\",\"url\":\"http:\/\/hanssarvar.com\/\",\"name\":\"Hans Sarvar\",\"description\":\"Human Rights, Sikhism,Justice,magazine,news\",\"potentialAction\":[{\"@type\":\"SearchAction\",\"target\":{\"@type\":\"EntryPoint\",\"urlTemplate\":\"http:\/\/hanssarvar.com\/?s={search_term_string}\"},\"query-input\":\"required name=search_term_string\"}],\"inLanguage\":\"en-US\"},{\"@type\":\"WebPage\",\"@id\":\"https:\/\/hanssarvar.com\/index.php\/continents\/asia\/#webpage\",\"url\":\"https:\/\/hanssarvar.com\/index.php\/continents\/asia\/\",\"name\":\"Asia - Hans Sarvar\",\"isPartOf\":{\"@id\":\"http:\/\/hanssarvar.com\/#website\"},\"datePublished\":\"2015-07-15T16:55:11+00:00\",\"dateModified\":\"2015-07-21T07:22:39+00:00\",\"breadcrumb\":{\"@id\":\"https:\/\/hanssarvar.com\/index.php\/continents\/asia\/#breadcrumb\"},\"inLanguage\":\"en-US\",\"potentialAction\":[{\"@type\":\"ReadAction\",\"target\":[\"https:\/\/hanssarvar.com\/index.php\/continents\/asia\/\"]}]},{\"@type\":\"BreadcrumbList\",\"@id\":\"https:\/\/hanssarvar.com\/index.php\/continents\/asia\/#breadcrumb\",\"itemListElement\":[{\"@type\":\"ListItem\",\"position\":1,\"name\":\"Home\",\"item\":\"http:\/\/hanssarvar.com\/\"},{\"@type\":\"ListItem\",\"position\":2,\"name\":\"Continents\",\"item\":\"https:\/\/hanssarvar.com\/index.php\/continents\/\"},{\"@type\":\"ListItem\",\"position\":3,\"name\":\"Asia\"}]}]}<\/script>\n<!-- \/ Yoast SEO plugin. -->","yoast_head_json":{"title":"Asia - Hans Sarvar","robots":{"index":"index","follow":"follow","max-snippet":"max-snippet:-1","max-image-preview":"max-image-preview:large","max-video-preview":"max-video-preview:-1"},"canonical":"https:\/\/hanssarvar.com\/index.php\/continents\/asia\/","og_locale":"en_US","og_type":"article","og_title":"Asia - Hans Sarvar","og_url":"https:\/\/hanssarvar.com\/index.php\/continents\/asia\/","og_site_name":"Hans Sarvar","article_modified_time":"2015-07-21T07:22:39+00:00","twitter_card":"summary","schema":{"@context":"https:\/\/schema.org","@graph":[{"@type":"WebSite","@id":"http:\/\/hanssarvar.com\/#website","url":"http:\/\/hanssarvar.com\/","name":"Hans Sarvar","description":"Human Rights, Sikhism,Justice,magazine,news","potentialAction":[{"@type":"SearchAction","target":{"@type":"EntryPoint","urlTemplate":"http:\/\/hanssarvar.com\/?s={search_term_string}"},"query-input":"required name=search_term_string"}],"inLanguage":"en-US"},{"@type":"WebPage","@id":"https:\/\/hanssarvar.com\/index.php\/continents\/asia\/#webpage","url":"https:\/\/hanssarvar.com\/index.php\/continents\/asia\/","name":"Asia - Hans Sarvar","isPartOf":{"@id":"http:\/\/hanssarvar.com\/#website"},"datePublished":"2015-07-15T16:55:11+00:00","dateModified":"2015-07-21T07:22:39+00:00","breadcrumb":{"@id":"https:\/\/hanssarvar.com\/index.php\/continents\/asia\/#breadcrumb"},"inLanguage":"en-US","potentialAction":[{"@type":"ReadAction","target":["https:\/\/hanssarvar.com\/index.php\/continents\/asia\/"]}]},{"@type":"BreadcrumbList","@id":"https:\/\/hanssarvar.com\/index.php\/continents\/asia\/#breadcrumb","itemListElement":[{"@type":"ListItem","position":1,"name":"Home","item":"http:\/\/hanssarvar.com\/"},{"@type":"ListItem","position":2,"name":"Continents","item":"https:\/\/hanssarvar.com\/index.php\/continents\/"},{"@type":"ListItem","position":3,"name":"Asia"}]}]}},"_links":{"self":[{"href":"https:\/\/hanssarvar.com\/index.php\/wp-json\/wp\/v2\/pages\/11"}],"collection":[{"href":"https:\/\/hanssarvar.com\/index.php\/wp-json\/wp\/v2\/pages"}],"about":[{"href":"https:\/\/hanssarvar.com\/index.php\/wp-json\/wp\/v2\/types\/page"}],"author":[{"embeddable":true,"href":"https:\/\/hanssarvar.com\/index.php\/wp-json\/wp\/v2\/users\/1"}],"replies":[{"embeddable":true,"href":"https:\/\/hanssarvar.com\/index.php\/wp-json\/wp\/v2\/comments?post=11"}],"version-history":[{"count":9,"href":"https:\/\/hanssarvar.com\/index.php\/wp-json\/wp\/v2\/pages\/11\/revisions"}],"predecessor-version":[{"id":2393,"href":"https:\/\/hanssarvar.com\/index.php\/wp-json\/wp\/v2\/pages\/11\/revisions\/2393"}],"up":[{"embeddable":true,"href":"https:\/\/hanssarvar.com\/index.php\/wp-json\/wp\/v2\/pages\/29"}],"wp:attachment":[{"href":"https:\/\/hanssarvar.com\/index.php\/wp-json\/wp\/v2\/media?parent=11"}],"curies":[{"name":"wp","href":"https:\/\/api.w.org\/{rel}","templated":true}]}}