{"id":2454,"date":"2015-07-22T22:46:26","date_gmt":"2015-07-22T17:16:26","guid":{"rendered":"http:\/\/hanssarvar.com\/?page_id=2454"},"modified":"2015-07-24T00:19:13","modified_gmt":"2015-07-23T18:49:13","slug":"interviews","status":"publish","type":"page","link":"https:\/\/hanssarvar.com\/index.php\/special-report\/interviews\/","title":{"rendered":"Interviews"},"content":{"rendered":"<ul class=\"recent-posts  unstyled\"><li class=\"recent-posts_li post-3109 post type-post status-publish format-standard hentry category-interviews category-special-report  list-item-0 clearfix\"><h5><a href=\"https:\/\/hanssarvar.com\/index.php\/2017\/05\/04\/the-mission-to-awaken\/\" title=\"The Mission to Awaken\">The Mission to Awaken<\/a><\/h5><div class=\"excerpt\">The mission to awaken the souls out of an unknown and dreadful danger surrounding the land of rivers PUNJAB has been launched by Bhai Harsimran Singh under which an organisation has been launched to gather intellectual Sikhs and punjabi's from all over the world under one roof to discuss and&hellip;<\/div><a href=\"https:\/\/hanssarvar.com\/index.php\/2017\/05\/04\/the-mission-to-awaken\/\" class=\"btn btn-primary\" title=\"The Mission to Awaken\">Next Part<\/a><div class=\"clear\"><\/div><\/li><!-- .entry (end) --><li class=\"recent-posts_li post-2697 post type-post status-publish format-standard has-post-thumbnail hentry category-asia category-continents category-india category-interviews category-north-america  list-item-1 clearfix\"><figure class=\"thumbnail featured-thumbnail\"><a href=\"https:\/\/hanssarvar.com\/index.php\/2015\/12\/31\/shamsher-singh-sandhu\/\" title=\"Multicolored voice &#8211; SHAMSHER SINGH SANDHU\"><img src=\"https:\/\/hanssarvar.com\/wp-content\/uploads\/2015\/12\/shamsher-singh-sandhu.jpg\" alt=\"Multicolored voice &#8211; SHAMSHER SINGH SANDHU\"\/><\/a><\/figure><h5><a href=\"https:\/\/hanssarvar.com\/index.php\/2015\/12\/31\/shamsher-singh-sandhu\/\" title=\"Multicolored voice &#8211; SHAMSHER SINGH SANDHU\">Multicolored voice &#8211; SHAMSHER SINGH SANDHU<\/a><\/h5><div class=\"excerpt\">AS we all know the name of the Canadian Punjabi Ghazal writer and singer Shamsher Singh Sandhu who maintained the multicolored culture of Punjab all over the world. Read below to know about his journey of life. sqrMgI pING -krmjIq isMG, cMzIgVH \u00ccon 99150-91063 &nbsp; \u00c8m\u00c8yr sMDU dI \u00c8\u00c9sIaq \u0192&hellip;<\/div><a href=\"https:\/\/hanssarvar.com\/index.php\/2015\/12\/31\/shamsher-singh-sandhu\/\" class=\"btn btn-primary\" title=\"Multicolored voice &#8211; SHAMSHER SINGH SANDHU\">Next Part<\/a><div class=\"clear\"><\/div><\/li><!-- .entry (end) --><\/ul><!-- .recent-posts (end) -->\n","protected":false},"excerpt":{"rendered":"","protected":false},"author":2,"featured_media":0,"parent":27,"menu_order":0,"comment_status":"closed","ping_status":"open","template":"","meta":{"_mi_skip_tracking":false,"_monsterinsights_sitenote_active":false,"_monsterinsights_sitenote_note":"","_monsterinsights_sitenote_category":0},"yoast_head":"<!-- This site is optimized with the Yoast SEO plugin v17.6 - https:\/\/yoast.com\/wordpress\/plugins\/seo\/ -->\n<title>Interviews - Hans Sarvar<\/title>\n<meta name=\"robots\" content=\"index, follow, max-snippet:-1, max-image-preview:large, max-video-preview:-1\" \/>\n<link rel=\"canonical\" href=\"https:\/\/hanssarvar.com\/index.php\/special-report\/interviews\/\" \/>\n<meta property=\"og:locale\" content=\"en_US\" \/>\n<meta property=\"og:type\" content=\"article\" \/>\n<meta property=\"og:title\" content=\"Interviews - Hans Sarvar\" \/>\n<meta property=\"og:url\" content=\"https:\/\/hanssarvar.com\/index.php\/special-report\/interviews\/\" \/>\n<meta property=\"og:site_name\" content=\"Hans Sarvar\" \/>\n<meta property=\"article:modified_time\" content=\"2015-07-23T18:49:13+00:00\" \/>\n<meta name=\"twitter:card\" content=\"summary\" \/>\n<script type=\"application\/ld+json\" class=\"yoast-schema-graph\">{\"@context\":\"https:\/\/schema.org\",\"@graph\":[{\"@type\":\"WebSite\",\"@id\":\"https:\/\/hanssarvar.com\/#website\",\"url\":\"https:\/\/hanssarvar.com\/\",\"name\":\"Hans Sarvar\",\"description\":\"Human Rights, Sikhism,Justice,magazine,news\",\"potentialAction\":[{\"@type\":\"SearchAction\",\"target\":{\"@type\":\"EntryPoint\",\"urlTemplate\":\"https:\/\/hanssarvar.com\/?s={search_term_string}\"},\"query-input\":\"required name=search_term_string\"}],\"inLanguage\":\"en-US\"},{\"@type\":\"WebPage\",\"@id\":\"https:\/\/hanssarvar.com\/index.php\/special-report\/interviews\/#webpage\",\"url\":\"https:\/\/hanssarvar.com\/index.php\/special-report\/interviews\/\",\"name\":\"Interviews - Hans Sarvar\",\"isPartOf\":{\"@id\":\"https:\/\/hanssarvar.com\/#website\"},\"datePublished\":\"2015-07-22T17:16:26+00:00\",\"dateModified\":\"2015-07-23T18:49:13+00:00\",\"breadcrumb\":{\"@id\":\"https:\/\/hanssarvar.com\/index.php\/special-report\/interviews\/#breadcrumb\"},\"inLanguage\":\"en-US\",\"potentialAction\":[{\"@type\":\"ReadAction\",\"target\":[\"https:\/\/hanssarvar.com\/index.php\/special-report\/interviews\/\"]}]},{\"@type\":\"BreadcrumbList\",\"@id\":\"https:\/\/hanssarvar.com\/index.php\/special-report\/interviews\/#breadcrumb\",\"itemListElement\":[{\"@type\":\"ListItem\",\"position\":1,\"name\":\"Home\",\"item\":\"https:\/\/hanssarvar.com\/\"},{\"@type\":\"ListItem\",\"position\":2,\"name\":\"Special Report\",\"item\":\"https:\/\/hanssarvar.com\/index.php\/special-report\/\"},{\"@type\":\"ListItem\",\"position\":3,\"name\":\"Interviews\"}]}]}<\/script>\n<!-- \/ Yoast SEO plugin. -->","yoast_head_json":{"title":"Interviews - Hans Sarvar","robots":{"index":"index","follow":"follow","max-snippet":"max-snippet:-1","max-image-preview":"max-image-preview:large","max-video-preview":"max-video-preview:-1"},"canonical":"https:\/\/hanssarvar.com\/index.php\/special-report\/interviews\/","og_locale":"en_US","og_type":"article","og_title":"Interviews - Hans Sarvar","og_url":"https:\/\/hanssarvar.com\/index.php\/special-report\/interviews\/","og_site_name":"Hans Sarvar","article_modified_time":"2015-07-23T18:49:13+00:00","twitter_card":"summary","schema":{"@context":"https:\/\/schema.org","@graph":[{"@type":"WebSite","@id":"https:\/\/hanssarvar.com\/#website","url":"https:\/\/hanssarvar.com\/","name":"Hans Sarvar","description":"Human Rights, Sikhism,Justice,magazine,news","potentialAction":[{"@type":"SearchAction","target":{"@type":"EntryPoint","urlTemplate":"https:\/\/hanssarvar.com\/?s={search_term_string}"},"query-input":"required name=search_term_string"}],"inLanguage":"en-US"},{"@type":"WebPage","@id":"https:\/\/hanssarvar.com\/index.php\/special-report\/interviews\/#webpage","url":"https:\/\/hanssarvar.com\/index.php\/special-report\/interviews\/","name":"Interviews - Hans Sarvar","isPartOf":{"@id":"https:\/\/hanssarvar.com\/#website"},"datePublished":"2015-07-22T17:16:26+00:00","dateModified":"2015-07-23T18:49:13+00:00","breadcrumb":{"@id":"https:\/\/hanssarvar.com\/index.php\/special-report\/interviews\/#breadcrumb"},"inLanguage":"en-US","potentialAction":[{"@type":"ReadAction","target":["https:\/\/hanssarvar.com\/index.php\/special-report\/interviews\/"]}]},{"@type":"BreadcrumbList","@id":"https:\/\/hanssarvar.com\/index.php\/special-report\/interviews\/#breadcrumb","itemListElement":[{"@type":"ListItem","position":1,"name":"Home","item":"https:\/\/hanssarvar.com\/"},{"@type":"ListItem","position":2,"name":"Special Report","item":"https:\/\/hanssarvar.com\/index.php\/special-report\/"},{"@type":"ListItem","position":3,"name":"Interviews"}]}]}},"_links":{"self":[{"href":"https:\/\/hanssarvar.com\/index.php\/wp-json\/wp\/v2\/pages\/2454"}],"collection":[{"href":"https:\/\/hanssarvar.com\/index.php\/wp-json\/wp\/v2\/pages"}],"about":[{"href":"https:\/\/hanssarvar.com\/index.php\/wp-json\/wp\/v2\/types\/page"}],"author":[{"embeddable":true,"href":"https:\/\/hanssarvar.com\/index.php\/wp-json\/wp\/v2\/users\/2"}],"replies":[{"embeddable":true,"href":"https:\/\/hanssarvar.com\/index.php\/wp-json\/wp\/v2\/comments?post=2454"}],"version-history":[{"count":3,"href":"https:\/\/hanssarvar.com\/index.php\/wp-json\/wp\/v2\/pages\/2454\/revisions"}],"predecessor-version":[{"id":2477,"href":"https:\/\/hanssarvar.com\/index.php\/wp-json\/wp\/v2\/pages\/2454\/revisions\/2477"}],"up":[{"embeddable":true,"href":"https:\/\/hanssarvar.com\/index.php\/wp-json\/wp\/v2\/pages\/27"}],"wp:attachment":[{"href":"https:\/\/hanssarvar.com\/index.php\/wp-json\/wp\/v2\/media?parent=2454"}],"curies":[{"name":"wp","href":"https:\/\/api.w.org\/{rel}","templated":true}]}}